{"id":186,"date":"2026-03-31T13:50:31","date_gmt":"2026-03-31T13:50:31","guid":{"rendered":"https:\/\/viptransex.net\/classificados\/?page_id=186"},"modified":"2026-03-31T13:50:31","modified_gmt":"2026-03-31T13:50:31","slug":"comunicados-para-anunciantes","status":"publish","type":"page","link":"https:\/\/viptransex.net\/classificados\/comunicados-para-anunciantes\/","title":{"rendered":"Comunicados para anunciantes\u00a0"},"content":{"rendered":"\n<p>COMUNICADO PARA CLIENTES \/ ANUNCIANTES<\/p>\n\n\n\n<p>Como n\u00e3o fazemos altera\u00e7\u00f5es aos s\u00e1bados, domingos e feriados, lembramos alguns dos feriados nacionais e locais para que se possa organizar:<\/p>\n\n\n\n<p>1 de Janeiro \u2013 Dia de Ano Novo<\/p>\n\n\n\n<p>Ter\u00e7a-Feira de Carnaval (fevereiro ou mar\u00e7o) \u2013 Dia facultativo<\/p>\n\n\n\n<p>Sexta-Feira Santa (abril) \u2013 Dia facultativo<\/p>\n\n\n\n<p>25 de Abril \u2013 Dia da Liberdade<\/p>\n\n\n\n<p>1 de Maio \u2013 Dia do Trabalhador<\/p>\n\n\n\n<p>Corpo de Deus (junho) \u2013 Dia facultativo<\/p>\n\n\n\n<p>10 de Junho \u2013 Dia de Portugal<\/p>\n\n\n\n<p>13 de Junho \u2013 Dia de Santo Ant\u00f3nio (feriado em muitas cidades)<\/p>\n\n\n\n<p>24 de Junho \u2013 Dia de S\u00e3o Jo\u00e3o (feriado em muitas cidades)<\/p>\n\n\n\n<p>29 de Junho \u2013 Dia de S\u00e3o Pedro (feriado em muitas cidades)<\/p>\n\n\n\n<p>F\u00c9RIAS: data a anunciar no topo da p\u00e1gina<\/p>\n\n\n\n<p>15 de Agosto \u2013 Assun\u00e7\u00e3o de Maria<\/p>\n\n\n\n<p>5 de Outubro \u2013 Implanta\u00e7\u00e3o da Rep\u00fablica<\/p>\n\n\n\n<p>1 de Novembro \u2013 Todos os Santos<\/p>\n\n\n\n<p>1 de Dezembro \u2013 Restaura\u00e7\u00e3o da Independ\u00eancia<\/p>\n\n\n\n<p>8 de Dezembro \u2013 Imaculada Concei\u00e7\u00e3o<\/p>\n\n\n\n<p>Todo o final de ano \u00e9 \u00e9poca de festa! De dizer adeus ao ano velho com muita alegria e receber o novo com esperan\u00e7a. Que este Natal seja de paz, e o Ano Novo traga felicidade e prosperidade. Boas Festas para todos!<\/p>\n\n\n\n<p>24 de Dezembro \u2013 V\u00e9spera de Natal (altera\u00e7\u00f5es at\u00e9 \u00e0s 14h)<\/p>\n\n\n\n<p>25 de Dezembro \u2013 Dia de Natal<\/p>\n\n\n\n<p>31 de Dezembro \u2013 V\u00e9spera de Ano Novo (altera\u00e7\u00f5es at\u00e9 \u00e0s 14h)<\/p>\n\n\n\n<p>1 de Janeiro \u2013 Dia de Ano Novo<\/p>\n\n\n\n<p>Todas as altera\u00e7\u00f5es s\u00e3o efetuadas at\u00e9 \u00e0s 18 horas do dia anterior ao feriado, retornando as atividades a partir das 10 horas do dia \u00fatil seguinte.<\/p>\n\n\n\n<p>Sugerimos aos nossos clientes\/anunciantes que planeiem e antecipem os seus pedidos, para que todas as altera\u00e7\u00f5es necess\u00e1rias se possam realizar no mais breve tempo poss\u00edvel.<\/p>\n\n\n\n<p>Desde j\u00e1 agradecemos a vossa compreens\u00e3o.<br>Atenciosamente,<br>A Administra\u00e7\u00e3o do site Viptransex.net<br>Evidentencontro Unipessoal Lda<\/p>\n\n\n\n<p>F\u00c9RIAS<\/p>\n\n\n\n<p>Informamos que entre o m\u00eas julho e o m\u00eas de agosto estaremos em per\u00edodo de f\u00e9rias.<\/p>\n\n\n\n<p>Sugerimos aos nossos clientes\/anunciantes que nessa data fa\u00e7am suas programa\u00e7\u00f5es e antecipem seus pedidos de altera\u00e7\u00e3o de cidade etc., para que todas as altera\u00e7\u00f5es necess\u00e1rias se possam realizar no mais breve tempo poss\u00edvel.<\/p>\n\n\n\n<p>Estaremos a trabalhar somente por email ou mensagens, estando incontact\u00e1veis nesse per\u00edodo por chamadas telef\u00f3nicas.<\/p>\n\n\n\n<p>Qualquer altera\u00e7\u00e3o poder\u00e1 demorar at\u00e9 24h a ser realizada, mas tentaremos faz\u00ea-la o mais breve poss\u00edvel.<\/p>\n\n\n\n<p>Desde j\u00e1 agradecemos a vossa compreens\u00e3o.<br>Atenciosamente,<br>A Administra\u00e7\u00e3o do site Viptransex.net<\/p>\n\n\n\n<p>CONTACTOS<\/p>\n\n\n\n<p>A equipa do VipTransex.net est\u00e1 sempre ao seu dispor.<\/p>\n\n\n\n<p>Sempre que necessitar, n\u00e3o hesite em contactar-nos utilizando os contactos dispon\u00edveis:<\/p>\n\n\n\n<p>EMAIL: anuncios_vip@hotmail.com<\/p>\n<div class='epvc-post-count'><span class='epvc-eye'><\/span>  <span class=\"epvc-count\"> 27<\/span><span class='epvc-label'> \ud83d\udc41 Visualiza\u00e7\u00f5es<\/span><\/div><div class=\"pld-like-dislike-wrap pld-template-2\">\r\n    <div class=\"pld-like-wrap  pld-common-wrap\">\r\n    <a href=\"javascript:void(0)\" class=\"pld-like-trigger pld-like-dislike-trigger  \" title=\"Gostei \ud83d\udc4d\" data-post-id=\"186\" data-trigger-type=\"like\" data-restriction=\"cookie\" data-already-liked=\"0\">\r\n                        <i class=\"fas fa-heart\"><\/i>\r\n                <\/a>\r\n    <span class=\"pld-like-count-wrap pld-count-wrap\">1    <\/span>\r\n<\/div><\/div>","protected":false},"excerpt":{"rendered":"<p>COMUNICADO PARA CLIENTES \/ ANUNCIANTES Como n\u00e3o fazemos altera\u00e7\u00f5es aos s\u00e1bados, domingos e feriados, lembramos alguns dos feriados nacionais e locais para que se possa organizar: 1 de Janeiro \u2013 Dia de Ano Novo Ter\u00e7a-Feira de Carnaval (fevereiro ou mar\u00e7o) \u2013 Dia facultativo Sexta-Feira Santa (abril) \u2013 Dia facultativo 25 de Abril \u2013 Dia da<\/p>\n","protected":false},"author":1,"featured_media":0,"parent":0,"menu_order":0,"comment_status":"closed","ping_status":"closed","template":"","meta":{"_rtcl_gb_attr":"","footnotes":""},"class_list":["post-186","page","type-page","status-publish","hentry"],"_links":{"self":[{"href":"https:\/\/viptransex.net\/classificados\/wp-json\/wp\/v2\/pages\/186","targetHints":{"allow":["GET"]}}],"collection":[{"href":"https:\/\/viptransex.net\/classificados\/wp-json\/wp\/v2\/pages"}],"about":[{"href":"https:\/\/viptransex.net\/classificados\/wp-json\/wp\/v2\/types\/page"}],"author":[{"embeddable":true,"href":"https:\/\/viptransex.net\/classificados\/wp-json\/wp\/v2\/users\/1"}],"replies":[{"embeddable":true,"href":"https:\/\/viptransex.net\/classificados\/wp-json\/wp\/v2\/comments?post=186"}],"version-history":[{"count":1,"href":"https:\/\/viptransex.net\/classificados\/wp-json\/wp\/v2\/pages\/186\/revisions"}],"predecessor-version":[{"id":187,"href":"https:\/\/viptransex.net\/classificados\/wp-json\/wp\/v2\/pages\/186\/revisions\/187"}],"wp:attachment":[{"href":"https:\/\/viptransex.net\/classificados\/wp-json\/wp\/v2\/media?parent=186"}],"curies":[{"name":"wp","href":"https:\/\/api.w.org\/{rel}","templated":true}]}}