{"id":182,"date":"2026-03-31T13:42:07","date_gmt":"2026-03-31T13:42:07","guid":{"rendered":"https:\/\/viptransex.net\/classificados\/?page_id=182"},"modified":"2026-03-31T13:46:08","modified_gmt":"2026-03-31T13:46:08","slug":"como-anunciar","status":"publish","type":"page","link":"https:\/\/viptransex.net\/classificados\/como-anunciar\/","title":{"rendered":"Como Anunciar"},"content":{"rendered":"\n<p>Desde j\u00e1, agradecemos a sua prefer\u00eancia em querer anunciar connosco!<\/p>\n\n\n\n<p>\ud83d\udcc4 Elementos necess\u00e1rios para criar o seu an\u00fancio<\/p>\n\n\n\n<p>Nome &#8211; Contacto &#8211; Cidade &#8211; Fotos<\/p>\n\n\n\n<p>Apresenta\u00e7\u00e3o: texto livre sobre si \u2b50 Op\u00e7\u00f5es de Pacotes de An\u00fancios Dispon\u00edveis<\/p>\n\n\n\n<p>A PARTIR DE APENAS 1\u20ac POR DIA<\/p>\n\n\n\n<p>\ud83d\udd38&nbsp;An\u00fancios Simples e Destaques t\u00eam limite de 10 fotos.<\/p>\n\n\n\n<p>30\u20ac \u2013 An\u00fancio Simples Vertical: Sec\u00e7\u00e3o Outras Travestis<\/p>\n\n\n\n<p>60\u20ac &#8211; An\u00fancio Simples Horizontal: Sec\u00e7\u00e3o + Travestis<\/p>\n\n\n\n<p>80\u20ac &#8211; An\u00fancio Destaque: Sec\u00e7\u00e3o Travestis em Destaque<\/p>\n\n\n\n<p>\ud83d\udd38&nbsp;A partir do Super Destaque, o limite \u00e9 de 20 fotos.<\/p>\n\n\n\n<p>120\u20ac &#8211; An\u00fancio Super Destaque: Sec\u00e7\u00e3o Travestis em Super Destaque + Vitrine<\/p>\n\n\n\n<p>200\u20ac &#8211; An\u00fancio Hiper Destaque: Sec\u00e7\u00e3o Travestis em Hiper Destaque + Vitrine<\/p>\n\n\n\n<p>350\u20ac &#8211; An\u00fancio Ultra Destaque: Sec\u00e7\u00e3o Travestis em Ultra Destaque + Vitrine<\/p>\n\n\n\n<p>\u23f1 Publica\u00e7\u00e3o e Atualiza\u00e7\u00f5es<\/p>\n\n\n\n<p>Ap\u00f3s confirma\u00e7\u00e3o dos requisitos, o an\u00fancio ficar\u00e1 online em at\u00e9&nbsp;24&nbsp;horas.<\/p>\n\n\n\n<p>Atualiza\u00e7\u00f5es inclu\u00eddas (cidade, contacto ou fotos) s\u00e3o realizadas em at\u00e9&nbsp;24 horas&nbsp;\u2014 normalmente em menos de&nbsp;2&nbsp;horas.<\/p>\n\n\n\n<p>\u2714 Inclui&nbsp;1 altera\u00e7\u00e3o de ensaio fotogr\u00e1fico&nbsp;durante o per\u00edodo do an\u00fancio<br>\u2714 Publica\u00e7\u00e3o ou substitui\u00e7\u00e3o de v\u00eddeo:&nbsp;10\u20ac<\/p>\n\n\n\n<p>\ud83d\udccc&nbsp;Todos os pacotes t\u00eam validade at\u00e9 1 m\u00eas consecutivo desde a data de publica\u00e7\u00e3o.<\/p>\n\n\n\n<p>\ud83d\udd04 Renova\u00e7\u00e3o do An\u00fancio<\/p>\n\n\n\n<p>Enviamos sempre um SMS com&nbsp;48h de anteced\u00eancia&nbsp;quando o seu an\u00fancio estiver a completar 1 m\u00eas.<\/p>\n\n\n\n<p>Se n\u00e3o renovar dentro das 48 horas, o an\u00fancio \u00e9 suspenso automaticamente.<\/p>\n\n\n\n<p>Para reativar, basta efetuar o pagamento e informar-nos.<\/p>\n\n\n\n<p>\ud83d\udcb3 Formas de Pagamento Dispon\u00edveis<\/p>\n\n\n\n<p>Pagamentos dispon\u00edveis via transfer\u00eancia banc\u00e1ria, Multibanco, Mbway e PAYSHOP.<\/p>\n\n\n\n<p>Ao enviar os seus dados e fotos\/imagens para anunciar no nosso site por e-mail, confirma que:<\/p>\n\n\n\n<p>Leu e concorda com os Termos e Condi\u00e7\u00f5es, a Pol\u00edtica de Cookies e a Pol\u00edtica de Privacidade;<\/p>\n\n\n\n<p>Autoriza o uso das suas fotos\/imagens no nosso portal;<\/p>\n\n\n\n<p>Declara que n\u00e3o est\u00e1 a ser coagido\/a a colocar o an\u00fancio no nosso site e que est\u00e1 a anunciar por sua livre e espont\u00e2nea vontade. Contacto e Suporte para Anunciantes<\/p>\n\n\n\n<p>Para qualquer d\u00favida ou suporte, a equipa do Vip Transex est\u00e1 sempre ao seu dispor:<\/p>\n\n\n\n<p>Telem\u00f3vel: (+351) 91 947 13 98<br>Dias \u00fateis de 2\u00aa a 6\u00aa feira das 10:00 \u00e0s 17:00 horas<br>&#8220;Se n\u00e3o atendermos a chamada dentro do hor\u00e1rio estabelecido, pode deixar SMS que retornamos a liga\u00e7\u00e3o&#8221;<br>&#8220;Pedidos efetuados fora do hor\u00e1rio estipulado ser\u00e3o atendidos no primeiro dia \u00fatil seguinte&#8221;<\/p>\n\n\n\n<p>Email: anuncios_vip@hotmail.com<\/p>\n\n\n\n<p><\/p>\n<div class='epvc-post-count'><span class='epvc-eye'><\/span>  <span class=\"epvc-count\"> 33<\/span><span class='epvc-label'> \ud83d\udc41 Visualiza\u00e7\u00f5es<\/span><\/div><div class=\"pld-like-dislike-wrap pld-template-2\">\r\n    <div class=\"pld-like-wrap  pld-common-wrap\">\r\n    <a href=\"javascript:void(0)\" class=\"pld-like-trigger pld-like-dislike-trigger  \" title=\"Gostei \ud83d\udc4d\" data-post-id=\"182\" data-trigger-type=\"like\" data-restriction=\"cookie\" data-already-liked=\"0\">\r\n                        <i class=\"fas fa-heart\"><\/i>\r\n                <\/a>\r\n    <span class=\"pld-like-count-wrap pld-count-wrap\">1    <\/span>\r\n<\/div><\/div>","protected":false},"excerpt":{"rendered":"<p>Desde j\u00e1, agradecemos a sua prefer\u00eancia em querer anunciar connosco! \ud83d\udcc4 Elementos necess\u00e1rios para criar o seu an\u00fancio Nome &#8211; Contacto &#8211; Cidade &#8211; Fotos Apresenta\u00e7\u00e3o: texto livre sobre si \u2b50 Op\u00e7\u00f5es de Pacotes de An\u00fancios Dispon\u00edveis A PARTIR DE APENAS 1\u20ac POR DIA \ud83d\udd38&nbsp;An\u00fancios Simples e Destaques t\u00eam limite de 10 fotos. 30\u20ac \u2013<\/p>\n","protected":false},"author":1,"featured_media":0,"parent":0,"menu_order":0,"comment_status":"closed","ping_status":"closed","template":"","meta":{"_rtcl_gb_attr":"","footnotes":""},"class_list":["post-182","page","type-page","status-publish","hentry"],"_links":{"self":[{"href":"https:\/\/viptransex.net\/classificados\/wp-json\/wp\/v2\/pages\/182","targetHints":{"allow":["GET"]}}],"collection":[{"href":"https:\/\/viptransex.net\/classificados\/wp-json\/wp\/v2\/pages"}],"about":[{"href":"https:\/\/viptransex.net\/classificados\/wp-json\/wp\/v2\/types\/page"}],"author":[{"embeddable":true,"href":"https:\/\/viptransex.net\/classificados\/wp-json\/wp\/v2\/users\/1"}],"replies":[{"embeddable":true,"href":"https:\/\/viptransex.net\/classificados\/wp-json\/wp\/v2\/comments?post=182"}],"version-history":[{"count":3,"href":"https:\/\/viptransex.net\/classificados\/wp-json\/wp\/v2\/pages\/182\/revisions"}],"predecessor-version":[{"id":185,"href":"https:\/\/viptransex.net\/classificados\/wp-json\/wp\/v2\/pages\/182\/revisions\/185"}],"wp:attachment":[{"href":"https:\/\/viptransex.net\/classificados\/wp-json\/wp\/v2\/media?parent=182"}],"curies":[{"name":"wp","href":"https:\/\/api.w.org\/{rel}","templated":true}]}}