{"id":178,"date":"2026-03-31T13:38:34","date_gmt":"2026-03-31T13:38:34","guid":{"rendered":"https:\/\/viptransex.net\/classificados\/?page_id=178"},"modified":"2026-03-31T13:38:34","modified_gmt":"2026-03-31T13:38:34","slug":"links-e-sites-parceiros","status":"publish","type":"page","link":"https:\/\/viptransex.net\/classificados\/links-e-sites-parceiros\/","title":{"rendered":"Links e Sites parceiros"},"content":{"rendered":"\n<p>O Viptransex.net poder\u00e1 conter links para websites de terceiros. O conte\u00fado desses sites \u00e9 da exclusiva responsabilidade dos respetivos titulares.<\/p>\n\n\n\n<p>A EVIDENTENCONTRO UNIPESSOAL LDA n\u00e3o se responsabiliza por quaisquer danos, perdas ou lit\u00edgios resultantes da utiliza\u00e7\u00e3o destes websites.<\/p>\n\n\n\n<p>Fazemos parceria e troca de banner!&nbsp;<a href=\"https:\/\/viptransex.net\/links.html#banner-troca\">Clique aqui para ver o banner VIPTransex<\/a><\/p>\n\n\n\n<p>Top Site<\/p>\n\n\n\n<figure class=\"wp-block-image\"><a href=\"https:\/\/www.happyescorts.com\/\"><img decoding=\"async\" src=\"https:\/\/www.happyescorts.com\/images\/stories\/banner\/happy_escorts\/en\/46860__en_05__007.jpg\" alt=\"HappyEscorts.com\" title=\"HappyEscorts.com\"\/><\/a><\/figure>\n\n\n\n<figure class=\"wp-block-image\"><a href=\"https:\/\/viptransex.net\/sitemap.html\" target=\"_blank\" rel=\"noreferrer noopener\"><img decoding=\"async\" src=\"https:\/\/viptransex.net\/imagens\/banner-viptransex.net.png\" alt=\"Acompanhantes Travestis em Portugal | VIP Transex\" title=\"Acompanhantes Travestis em Portugal | VIP Transex\"\/><\/a><\/figure>\n\n\n\n<figure class=\"wp-block-image\"><a href=\"https:\/\/www.elitevipmodels.co.uk\/high-class-escorts\/\" target=\"_blank\" rel=\"noreferrer noopener\"><img decoding=\"async\" src=\"https:\/\/www.elitevipmodels.co.uk\/wp-content\/uploads\/2024\/04\/Elite-VIP-Models-Premium-Escorts.jpg\" alt=\"High Class Escort\" title=\"High Class Escort\"\/><\/a><\/figure>\n\n\n\n<figure class=\"wp-block-image\"><a href=\"https:\/\/mulheresvip.net\/\" target=\"_blank\" rel=\"noreferrer noopener\"><img decoding=\"async\" src=\"https:\/\/app.mulheresvip.net\/images\/mypartners\/468x60.jpg\" alt=\"MulheresVIP: Escorts Portugal\"\/><\/a><\/figure>\n\n\n\n<figure class=\"wp-block-image\"><a href=\"https:\/\/www.escort-ads.com\/agency\/portugal\/lisbon\/transex-portugal\" target=\"_blank\" rel=\"noreferrer noopener\"><img decoding=\"async\" src=\"https:\/\/www.escort-ads.com\/sites\/default\/files\/inline-images\/banners\/escort-ads-girl-468x60.jpg\" alt=\"escort-ads.com Banner\"\/><\/a><\/figure>\n\n\n\n<figure class=\"wp-block-image\"><a href=\"https:\/\/classificados-x.net\/pt\" target=\"_blank\" rel=\"noreferrer noopener\"><img decoding=\"async\" src=\"https:\/\/classificados-x.net\/allsizes-468x60-px.gif\" alt=\"Classificados X\"\/><\/a><\/figure>\n\n\n\n<figure class=\"wp-block-image\"><a href=\"https:\/\/acompanhantesdeluxoleandro.escortbook.com\/\" target=\"_blank\" rel=\"noreferrer noopener\"><img decoding=\"async\" src=\"https:\/\/viptransex.net\/imagens\/banner-leandro-escort.gif\" alt=\"Acompanhante de Luxo Leandro Escort\"\/><\/a><\/figure>\n\n\n\n<figure class=\"wp-block-image\"><a href=\"https:\/\/viptransex.net\/index.html\" target=\"_blank\" rel=\"noreferrer noopener\"><img decoding=\"async\" src=\"https:\/\/viptransex.net\/imagens\/banner-viptransex-troca.gif\" alt=\"Acompanhantes Travestis em Portugal | VIP Transex\" title=\"Acompanhantes Travestis em Portugal | VIP Transex\"\/><\/a><\/figure>\n\n\n\n<figure class=\"wp-block-image\"><a href=\"https:\/\/www.acompanhantes69.eu\/\" target=\"_blank\" rel=\"noreferrer noopener\"><img decoding=\"async\" src=\"https:\/\/www.acompanhantes69.eu\/wp-content\/uploads\/2024\/10\/banner.png\" alt=\"Acompanhantes 69\"\/><\/a><\/figure>\n\n\n\n<figure class=\"wp-block-image\"><a href=\"https:\/\/www.gatasgp.com\/\" target=\"_blank\" rel=\"noreferrer noopener\"><img decoding=\"async\" src=\"https:\/\/www.gatasgp.com\/parceiros\/gatasgp.gif\" alt=\"Acompanhantes RJ e Acompanhantes Rio de Janeiro\"\/><\/a><\/figure>\n\n\n\n<figure class=\"wp-block-image\"><a href=\"https:\/\/maismassagens.pt\/\" target=\"_blank\" rel=\"noreferrer noopener\"><img decoding=\"async\" src=\"https:\/\/viptransex.net\/imagens\/banner-MAISMASSAGENS-PT.webp\" alt=\"Mais Massagens PT\"\/><\/a><\/figure>\n\n\n\n<figure class=\"wp-block-image\"><a href=\"https:\/\/www.dfdate.com.br\/\" target=\"_blank\" rel=\"noreferrer noopener\"><img decoding=\"async\" src=\"https:\/\/www.dfdate.com.br\/parceiros\/468x60.jpg\" alt=\"Acompanhantes Bras\u00edlia - DF\"\/><\/a><\/figure>\n\n\n\n<figure class=\"wp-block-image\"><a href=\"https:\/\/boatravesti.com.br\/\" target=\"_blank\" rel=\"noreferrer noopener\"><img decoding=\"async\" src=\"https:\/\/boatravesti.com.br\/parceiros\/banner468x60.gif\" alt=\"Acompanhantes Travestis\"\/><\/a><\/figure>\n\n\n\n<figure class=\"wp-block-image\"><a href=\"https:\/\/transexcomlocal.com\/\" target=\"_blank\" rel=\"noreferrer noopener\"><img decoding=\"async\" src=\"https:\/\/transexcomlocal.com\/wp-content\/uploads\/partnership\/transex-com-local-300x80.jpg\" alt=\"O mais completo site de acompanhantes travestis &amp; transsexuais\"\/><\/a><\/figure>\n\n\n\n<figure class=\"wp-block-image\"><a href=\"https:\/\/viptransex.net\/destaques.html\" target=\"_blank\" rel=\"noreferrer noopener\"><img decoding=\"async\" src=\"https:\/\/viptransex.net\/imagens\/banner-viptransex-troca.gif\" alt=\"Acompanhantes Travestis em Portugal | VIP Transex\" title=\"Acompanhantes Travestis em Portugal | VIP Transex\"\/><\/a><\/figure>\n\n\n\n<figure class=\"wp-block-image\"><a href=\"https:\/\/www.classificadosx.net\/\" target=\"_blank\" rel=\"noreferrer noopener\"><img decoding=\"async\" src=\"https:\/\/viptransex.net\/imagens\/banner_classificadosX.jpg\" alt=\"Travestis e Transex\" title=\"Travestis e Transex\"\/><\/a><\/figure>\n\n\n\n<figure class=\"wp-block-image\"><a href=\"https:\/\/www.acompanhantesdeluxo.eu\/\" target=\"_blank\" rel=\"noreferrer noopener\"><img decoding=\"async\" src=\"https:\/\/viptransex.net\/imagens\/banner_acompanhantes-de-luxo.png\" alt=\"Acompanhantes de Luxo\"\/><\/a><\/figure>\n\n\n\n<figure class=\"wp-block-image\"><a href=\"https:\/\/escortnews.eu\/\" target=\"_blank\" rel=\"noreferrer noopener\"><img decoding=\"async\" src=\"https:\/\/static.escortnews.eu\/125x60.gif\" alt=\"Escort Girls\"\/><\/a><\/figure>\n\n\n\n<figure class=\"wp-block-image\"><a href=\"https:\/\/www.escortnews.com\/\" target=\"_blank\" rel=\"noreferrer noopener\"><img decoding=\"async\" src=\"https:\/\/static.escortnews.com\/new\/banners-2021\/468x60.gif\" alt=\"Escort Girls\"\/><\/a><\/figure>\n\n\n\n<figure class=\"wp-block-image\"><a href=\"https:\/\/www.citytourgirls.com\/\" target=\"_blank\" rel=\"noreferrer noopener\"><img decoding=\"async\" src=\"https:\/\/cdn.citytourgirls.com\/static\/bn\/hcux3syruh.gif\" alt=\"Citytourgirls\"\/><\/a><\/figure>\n\n\n\n<figure class=\"wp-block-image\"><a href=\"https:\/\/www.topescortdubai.com\/\" target=\"_blank\" rel=\"noreferrer noopener\"><img decoding=\"async\" src=\"https:\/\/www.topescortdubai.com\/b\/468x60.gif\" alt=\"topescortdubai.com\"\/><\/a><\/figure>\n\n\n\n<figure class=\"wp-block-image\"><a href=\"https:\/\/www.topescort.ge\/\" target=\"_blank\" rel=\"noreferrer noopener\"><img decoding=\"async\" src=\"https:\/\/www.topescort.ge\/b\/468x60.gif\" alt=\"topescort.ge\"\/><\/a><\/figure>\n\n\n\n<figure class=\"wp-block-image\"><a href=\"https:\/\/www.escortbabe.com\/\" target=\"_blank\" rel=\"noreferrer noopener\"><img decoding=\"async\" src=\"https:\/\/cdn.escortbabe.com\/static\/bn\/chuvyxjupa.gif\" alt=\"Escort Babe\"\/><\/a><\/figure>\n\n\n\n<figure class=\"wp-block-image\"><a href=\"https:\/\/viptransex.net\/index.html\" target=\"_blank\" rel=\"noreferrer noopener\"><img decoding=\"async\" src=\"https:\/\/viptransex.net\/imagens\/banner-viptransex.net.png\" alt=\"Acompanhantes Travestis em Portugal | VIP Transex\" title=\"Acompanhantes Travestis em Portugal | VIP Transex\"\/><\/a><\/figure>\n\n\n\n<figure class=\"wp-block-image\"><a href=\"https:\/\/www.escortbabe.ch\/\" target=\"_blank\" rel=\"noreferrer noopener\"><img decoding=\"async\" src=\"https:\/\/cdn.escortbabe.com\/static\/bn\/bqath0ojow.gif\" alt=\"Escort Switzerland\"\/><\/a><\/figure>\n\n\n\n<figure class=\"wp-block-image\"><a href=\"https:\/\/www.escortbabe.at\/\" target=\"_blank\" rel=\"noreferrer noopener\"><img decoding=\"async\" src=\"https:\/\/www.escortbabe.at\/b\/468x60.gif\" alt=\"escortbabe.at\"\/><\/a><\/figure>\n\n\n\n<figure class=\"wp-block-image\"><a href=\"https:\/\/www.escortbabe.ru\/\" target=\"_blank\" rel=\"noreferrer noopener\"><img decoding=\"async\" src=\"https:\/\/www.escortbabe.ru\/b\/468x60.gif\" alt=\"escortbabe.ru\"\/><\/a><\/figure>\n\n\n\n<figure class=\"wp-block-image\"><a href=\"https:\/\/www.callgirlsbulgaria.com\/\" target=\"_blank\" rel=\"noreferrer noopener\"><img decoding=\"async\" src=\"https:\/\/www.callgirlsbulgaria.com\/b\/468x60.gif\" alt=\"callgirlsbulgaria.com\"\/><\/a><\/figure>\n\n\n\n<figure class=\"wp-block-image\"><a href=\"https:\/\/www.sexjobs.eu\/\" target=\"_blank\" rel=\"noreferrer noopener\"><img decoding=\"async\" src=\"https:\/\/cdn.sexjobs.eu\/static\/bn\/ju8sydcssy.gif\" alt=\"Sex Jobs\"\/><\/a><\/figure>\n\n\n\n<figure class=\"wp-block-image\"><a href=\"https:\/\/www.topescort.com.ua\/\" target=\"_blank\" rel=\"noreferrer noopener\"><img decoding=\"async\" src=\"https:\/\/www.topescort.com.ua\/b\/468x60.gif\" alt=\"topescort.com.ua\"\/><\/a><\/figure>\n\n\n\n<figure class=\"wp-block-image\"><a href=\"https:\/\/www.chicasescort.lat\/\" target=\"_blank\" rel=\"noreferrer noopener\"><img decoding=\"async\" src=\"https:\/\/cdn.chicasescort.lat\/static\/bn\/d1n0rlram6.gif\" alt=\"Chicas Escort\"\/><\/a><\/figure>\n\n\n\n<figure class=\"wp-block-image\"><a href=\"https:\/\/www.topescort.rs\/\" target=\"_blank\" rel=\"noreferrer noopener\"><img decoding=\"async\" src=\"https:\/\/cdn.topescort.com\/static\/bn\/4xxirvonux.gif\" alt=\"Escort Serbia\"\/><\/a><\/figure>\n\n\n\n<figure class=\"wp-block-image\"><a href=\"https:\/\/viptransex.net\/index.html\" target=\"_blank\" rel=\"noreferrer noopener\"><img decoding=\"async\" src=\"https:\/\/viptransex.net\/imagens\/banner-viptransex-troca.gif\" alt=\"Acompanhantes Travestis em Portugal | VIP Transex\" title=\"Acompanhantes Travestis em Portugal | VIP Transex\"\/><\/a><\/figure>\n\n\n\n<figure class=\"wp-block-image\"><a href=\"https:\/\/www.topescort.in\/\" target=\"_blank\" rel=\"noreferrer noopener\"><img decoding=\"async\" src=\"https:\/\/cdn.topescort.com\/static\/bn\/xvqem5e24k.gif\" alt=\"Escort India\"\/><\/a><\/figure>\n\n\n\n<figure class=\"wp-block-image\"><a href=\"https:\/\/www.sexjobs.co.il\/\" target=\"_blank\" rel=\"noreferrer noopener\"><img decoding=\"async\" src=\"https:\/\/cdn.sexjobs.eu\/static\/bn\/flobtrzu7o.gif\" alt=\"Escort Israel\"\/><\/a><\/figure>\n\n\n\n<figure class=\"wp-block-image\"><a href=\"https:\/\/www.escortnews.co.nz\/\" target=\"_blank\" rel=\"noreferrer noopener\"><img decoding=\"async\" src=\"https:\/\/www.escortnews.co.nz\/b\/468x60.gif\" alt=\"escortnews.co.nz\"\/><\/a><\/figure>\n\n\n\n<figure class=\"wp-block-image\"><a href=\"https:\/\/www.escortnews.com.au\/\" target=\"_blank\" rel=\"noreferrer noopener\"><img decoding=\"async\" src=\"https:\/\/www.escortnews.com.au\/b\/468x60.gif\" alt=\"escortnews.com.au\"\/><\/a><\/figure>\n\n\n\n<figure class=\"wp-block-image\"><a href=\"https:\/\/www.escortdude.com\/\" target=\"_blank\" rel=\"noreferrer noopener\"><img decoding=\"async\" src=\"https:\/\/cdn.escortdude.com\/static\/bn\/f6tjm6v40p.gif\" alt=\"Escortdude.com\"\/><\/a><\/figure>\n\n\n\n<figure class=\"wp-block-image\"><a href=\"https:\/\/www.callgirlsturkey.com\/\" target=\"_blank\" rel=\"noreferrer noopener\"><img decoding=\"async\" src=\"https:\/\/www.callgirlsturkey.com\/b\/468x60.gif\" alt=\"callgirlsturkey.com\"\/><\/a><\/figure>\n\n\n\n<figure class=\"wp-block-image\"><a href=\"https:\/\/www.topescort.nl\/\" target=\"_blank\" rel=\"noreferrer noopener\"><img decoding=\"async\" src=\"https:\/\/www.topescort.nl\/b\/468x60.gif\" alt=\"topescort.nl\"\/><\/a><\/figure>\n\n\n\n<figure class=\"wp-block-image\"><a href=\"https:\/\/viptransex.net\/index.html\" target=\"_blank\" rel=\"noreferrer noopener\"><img decoding=\"async\" src=\"https:\/\/viptransex.net\/imagens\/banner-viptransex.net.png\" alt=\"Acompanhantes Travestis em Portugal | VIP Transex\" title=\"Acompanhantes Travestis em Portugal | VIP Transex\"\/><\/a><\/figure>\n\n\n\n<figure class=\"wp-block-image\"><a href=\"https:\/\/www.escortgirls.be\/\" target=\"_blank\" rel=\"noreferrer noopener\"><img decoding=\"async\" src=\"https:\/\/www.escortgirls.be\/b\/468x60.gif\" alt=\"escortgirls.be\"\/><\/a><\/figure>\n\n\n\n<figure class=\"wp-block-image\"><a href=\"https:\/\/www.sexjobs.it\/\" target=\"_blank\" rel=\"noreferrer noopener\"><img decoding=\"async\" src=\"https:\/\/www.sexjobs.it\/b\/468x60.gif\" alt=\"sexjobs.it\"\/><\/a><\/figure>\n\n\n\n<figure class=\"wp-block-image\"><a href=\"https:\/\/www.sexguide.ro\/\" target=\"_blank\" rel=\"noreferrer noopener\"><img decoding=\"async\" src=\"https:\/\/cdn.sexguide.ro\/static\/bn\/ye6p3juds6.gif\" alt=\"Escort Romania\"\/><\/a><\/figure>\n\n\n\n<figure class=\"wp-block-image\"><a href=\"https:\/\/www.sexjobs.gr\/\" target=\"_blank\" rel=\"noreferrer noopener\"><img decoding=\"async\" src=\"https:\/\/cdn.sexjobs.gr\/static\/bn\/grofexjhq6.gif\" alt=\"Sexjobs.gr\"\/><\/a><\/figure>\n\n\n\n<figure class=\"wp-block-image\"><a href=\"https:\/\/www.topescort.com\/\" target=\"_blank\" rel=\"noreferrer noopener\"><img decoding=\"async\" src=\"https:\/\/cdn.topescort.com\/static\/bn\/kc52rdvopw.jpg\" alt=\"Topescort.com\"\/><\/a><\/figure>\n\n\n\n<figure class=\"wp-block-image\"><a href=\"https:\/\/www.privehuis.nl\/\" target=\"_blank\" rel=\"noreferrer noopener\"><img decoding=\"async\" src=\"https:\/\/cdn.privehuis.nl\/static\/bn\/tyqu88b88v.gif\" alt=\"Escort &amp; Thuisontvangst\"\/><\/a><\/figure>\n\n\n\n<figure class=\"wp-block-image\"><a href=\"https:\/\/www.topescortnews.eu\/\" target=\"_blank\" rel=\"noreferrer noopener\"><img decoding=\"async\" src=\"https:\/\/cdn.topescortnews.eu\/static\/bn\/aj52vqiboy.gif\" alt=\"Topescortnews.eu\"\/><\/a><\/figure>\n\n\n\n<figure class=\"wp-block-image\"><a href=\"https:\/\/viptransex.net\/index.html\" target=\"_blank\" rel=\"noreferrer noopener\"><img decoding=\"async\" src=\"https:\/\/viptransex.net\/imagens\/banner-viptransex-troca.gif\" alt=\"Acompanhantes Travestis em Portugal | VIP Transex\" title=\"Acompanhantes Travestis em Portugal | VIP Transex\"\/><\/a><\/figure>\n\n\n\n<figure class=\"wp-block-image\"><a href=\"https:\/\/www.escortmykonos.com\/\" target=\"_blank\" rel=\"noreferrer noopener\"><img decoding=\"async\" src=\"https:\/\/cdn.escortmykonos.com\/static\/bn\/ztyaddcpol.png\" alt=\"Escortmykonos\"\/><\/a><\/figure>\n\n\n\n<figure class=\"wp-block-image\"><a href=\"https:\/\/www.seduce.nl\/\" target=\"_blank\" rel=\"noreferrer noopener\"><img decoding=\"async\" src=\"https:\/\/static.seduce.nl\/new\/banners-2021\/seduce-468x60_EN_Z_1.gif\" alt=\"seduce.nl\"\/><\/a><\/figure>\n\n\n\n<figure class=\"wp-block-image\"><a href=\"https:\/\/www.tophookers.nl\/\" target=\"_blank\" rel=\"noreferrer noopener\"><img decoding=\"async\" src=\"https:\/\/cdn.tophookers.nl\/static\/bn\/anmpg39usb.gif\" alt=\"Hoeren Amsterdam\" title=\"Hoeren Amsterdam\"\/><\/a><\/figure>\n\n\n\n<figure class=\"wp-block-image\"><a href=\"https:\/\/www.sexjobs.pl\/\" target=\"_blank\" rel=\"noreferrer noopener\"><img decoding=\"async\" src=\"https:\/\/cdn.sexjobs.pl\/static\/bn\/pb8j6kuo1t.gif\" alt=\"Escort Warsaw\" title=\"Escort Warsaw\"\/><\/a><\/figure>\n\n\n\n<figure class=\"wp-block-image\"><a href=\"https:\/\/www.escorts.cz\/\" target=\"_blank\" rel=\"noreferrer noopener\"><img decoding=\"async\" src=\"https:\/\/www.escorts.cz\/b\/468x60x1.jpg\" alt=\"escorts.cz\" title=\"escorts.cz\"\/><\/a><\/figure>\n\n\n\n<figure class=\"wp-block-image\"><a href=\"https:\/\/www.mykonosescort.com\/\" target=\"_blank\" rel=\"noreferrer noopener\"><img decoding=\"async\" src=\"https:\/\/cdn.mykonosescort.com\/static\/bn\/bdekadj60q.gif\" alt=\"mykonosescort.com\" title=\"mykonosescort.com\"\/><\/a><\/figure>\n\n\n\n<figure class=\"wp-block-image\"><a href=\"https:\/\/www.sexguide.nl\/\" target=\"_blank\" rel=\"noreferrer noopener\"><img decoding=\"async\" src=\"https:\/\/cdn.topescort.com\/static\/bn\/nt4m7iaik7.gif\" alt=\"Escort Service &amp; Prive ontvangst\" title=\"Escort Service &amp; Prive ontvangst\"\/><\/a><\/figure>\n\n\n\n<figure class=\"wp-block-image\"><a href=\"https:\/\/viptransex.net\/index.html\" target=\"_blank\" rel=\"noreferrer noopener\"><img decoding=\"async\" src=\"https:\/\/viptransex.net\/imagens\/banner-viptransex-troca.gif\" alt=\"Acompanhantes Travestis em Portugal | VIP Transex\" title=\"Acompanhantes Travestis em Portugal | VIP Transex\"\/><\/a><\/figure>\n\n\n\n<figure class=\"wp-block-image\"><a href=\"https:\/\/www.topescort.co.uk\/\" target=\"_blank\" rel=\"noreferrer noopener\"><img decoding=\"async\" src=\"https:\/\/www.topescort.co.uk\/b\/468x60_1.jpg\" alt=\"topescort.co.uk\"\/><\/a><\/figure>\n\n\n\n<figure class=\"wp-block-image\"><a href=\"https:\/\/www.topescort.de\/\" target=\"_blank\" rel=\"noreferrer noopener\"><img decoding=\"async\" src=\"https:\/\/www.topescort.de\/b\/468x60.gif\" alt=\"topescort.de\"\/><\/a><\/figure>\n\n\n\n<figure class=\"wp-block-image\"><a href=\"https:\/\/www.topescort.africa\/\" target=\"_blank\" rel=\"noreferrer noopener\"><img decoding=\"async\" src=\"https:\/\/cdn.topescort.com\/static\/bn\/ptjftkyf09.gif\" alt=\"Top Escort Africa\"\/><\/a><\/figure>\n\n\n\n<figure class=\"wp-block-image\"><a href=\"https:\/\/www.topescortrussia.com\/\" target=\"_blank\" rel=\"noreferrer noopener\"><img decoding=\"async\" src=\"https:\/\/cdn.topescort.com\/static\/bn\/b11tsbthpi.gif\" alt=\"Top Escort Russia\"\/><\/a><\/figure>\n\n\n\n<figure class=\"wp-block-image\"><a href=\"https:\/\/www.topescort.cy\/\" target=\"_blank\" rel=\"noreferrer noopener\"><img decoding=\"async\" src=\"https:\/\/www.topescort.cy\/b\/468x60.gif\" alt=\"topescort.cy\"\/><\/a><\/figure>\n\n\n\n<figure class=\"wp-block-image\"><a href=\"https:\/\/www.topescortmalta.com\/\" target=\"_blank\" rel=\"noreferrer noopener\"><img decoding=\"async\" src=\"https:\/\/www.topescortmalta.com\/b\/468x60.gif\" alt=\"topescortmalta.com\"\/><\/a><\/figure>\n\n\n\n<figure class=\"wp-block-image\"><a href=\"https:\/\/www.smuglist.com\/\" target=\"_blank\" rel=\"noreferrer noopener\"><img decoding=\"async\" src=\"https:\/\/cdn.smuglist.com\/static\/bn\/r7fmkhrdle.gif\" alt=\"SmugList\"\/><\/a><\/figure>\n\n\n\n<figure class=\"wp-block-image\"><a href=\"https:\/\/viptransex.net\/index.html\" target=\"_blank\" rel=\"noreferrer noopener\"><img decoding=\"async\" src=\"https:\/\/viptransex.net\/imagens\/banner-vip-transex-512x512.jpg\" alt=\"Acompanhantes Travestis em Portugal | VIP Transex\" title=\"Acompanhantes Travestis em Portugal | VIP Transex\"\/><\/a><\/figure>\n\n\n\n<figure class=\"wp-block-image\"><a href=\"https:\/\/www.zuzana.com\/\" target=\"_blank\" rel=\"noreferrer noopener\"><img decoding=\"async\" src=\"https:\/\/www.zuzana.com\/b\/468x60.gif\" alt=\"zuzana.com\"\/><\/a><\/figure>\n\n\n\n<figure class=\"wp-block-image\"><a href=\"https:\/\/www.travelgirlsclub.com\/\" target=\"_blank\" rel=\"noreferrer noopener\"><img decoding=\"async\" src=\"https:\/\/cdn.swinity.com\/static\/bn\/o0iuuz1s1v.gif\" alt=\"Travel Girls Club\"\/><\/a><\/figure>\n\n\n\n<figure class=\"wp-block-image\"><a href=\"https:\/\/escortdirectory.tv\/\"><img decoding=\"async\" src=\"https:\/\/escortdirectory.tv\/img\/etv-234-60.gif\" alt=\"EscortDirectory.TV - Escorts World Wide\" title=\"EscortDirectory.TV - Escorts World Wide\"\/><\/a><\/figure>\n\n\n\n<p id=\"banner-troca\">Banner dispon\u00edvel para troca de parceria: VIPTransex<\/p>\n\n\n\n<figure class=\"wp-block-image\"><a href=\"https:\/\/viptransex.net\/\" target=\"_blank\" rel=\"noreferrer noopener\"><img decoding=\"async\" src=\"https:\/\/viptransex.net\/imagens\/banner-viptransex-troca.gif\" alt=\"Acompanhantes Travestis em Portugal | VIP Transex\" title=\"Acompanhantes Travestis em Portugal | VIP Transex\"\/><\/a><\/figure>\n\n\n\n<p>Copie o c\u00f3digo abaixo para adicionar o banner VIPTransex em seu site:<\/p>\n\n\n\n<pre class=\"wp-block-preformatted\">&lt;a href=\"http:\/\/viptransex.net\" target=\"_blank\" title=\"VIPTransex - Acompanhantes Travestis\"&gt;\n  &lt;img src=\"https:\/\/viptransex.net\/imagens\/banner-viptransex-troca.gif\" alt=\"Acompanhantes Travestis em Portugal | VIP Transex\" style=\"max-width:100%; height:auto;\"&gt;\n&lt;\/a&gt;\n<\/pre>\n\n\n\n<figure class=\"wp-block-image\"><a href=\"http:\/\/viptransex.net\/\" target=\"_blank\" rel=\"noreferrer noopener\"><img decoding=\"async\" src=\"https:\/\/viptransex.net\/imagens\/banner-vip-transex-300x250.jpg\" alt=\"Banner VIPTransex 300x250\"\/><\/a><\/figure>\n\n\n\n<p>Copie o c\u00f3digo abaixo para adicionar o banner VIPTransex em seu site:<\/p>\n\n\n\n<pre class=\"wp-block-preformatted\">&lt;a href=\"http:\/\/viptransex.net\" target=\"_blank\" title=\"VIPTransex - Acompanhantes Travestis\"&gt;\n  &lt;img src=\"https:\/\/viptransex.net\/imagens\/banner-vip-transex-300x250.jpg\" alt=\"Acompanhantes Travestis em Portugal | VIP Transex\" style=\"max-width:100%; height:auto;\"&gt;\n&lt;\/a&gt;\n<\/pre>\n\n\n\n<p>Para solicitar a troca de banner ou enviar o seu banner para parceria, envie um e-mail para&nbsp;<a href=\"mailto:anuncios_vip@hotmail.com\">anuncios_vip@hotmail.com<\/a>.<\/p>\n<div class='epvc-post-count'><span class='epvc-eye'><\/span>  <span class=\"epvc-count\"> 45<\/span><span class='epvc-label'> \ud83d\udc41 Visualiza\u00e7\u00f5es<\/span><\/div><div class=\"pld-like-dislike-wrap pld-template-2\">\r\n    <div class=\"pld-like-wrap  pld-common-wrap\">\r\n    <a href=\"javascript:void(0)\" class=\"pld-like-trigger pld-like-dislike-trigger  \" title=\"Gostei \ud83d\udc4d\" data-post-id=\"178\" data-trigger-type=\"like\" data-restriction=\"cookie\" data-already-liked=\"0\">\r\n                        <i class=\"fas fa-heart\"><\/i>\r\n                <\/a>\r\n    <span class=\"pld-like-count-wrap pld-count-wrap\">1    <\/span>\r\n<\/div><\/div>","protected":false},"excerpt":{"rendered":"<p>O Viptransex.net poder\u00e1 conter links para websites de terceiros. O conte\u00fado desses sites \u00e9 da exclusiva responsabilidade dos respetivos titulares. A EVIDENTENCONTRO UNIPESSOAL LDA n\u00e3o se responsabiliza por quaisquer danos, perdas ou lit\u00edgios resultantes da utiliza\u00e7\u00e3o destes websites. Fazemos parceria e troca de banner!&nbsp;Clique aqui para ver o banner VIPTransex Top Site Banner dispon\u00edvel para<\/p>\n","protected":false},"author":1,"featured_media":0,"parent":0,"menu_order":0,"comment_status":"closed","ping_status":"closed","template":"","meta":{"_rtcl_gb_attr":"","footnotes":""},"class_list":["post-178","page","type-page","status-publish","hentry"],"_links":{"self":[{"href":"https:\/\/viptransex.net\/classificados\/wp-json\/wp\/v2\/pages\/178","targetHints":{"allow":["GET"]}}],"collection":[{"href":"https:\/\/viptransex.net\/classificados\/wp-json\/wp\/v2\/pages"}],"about":[{"href":"https:\/\/viptransex.net\/classificados\/wp-json\/wp\/v2\/types\/page"}],"author":[{"embeddable":true,"href":"https:\/\/viptransex.net\/classificados\/wp-json\/wp\/v2\/users\/1"}],"replies":[{"embeddable":true,"href":"https:\/\/viptransex.net\/classificados\/wp-json\/wp\/v2\/comments?post=178"}],"version-history":[{"count":1,"href":"https:\/\/viptransex.net\/classificados\/wp-json\/wp\/v2\/pages\/178\/revisions"}],"predecessor-version":[{"id":179,"href":"https:\/\/viptransex.net\/classificados\/wp-json\/wp\/v2\/pages\/178\/revisions\/179"}],"wp:attachment":[{"href":"https:\/\/viptransex.net\/classificados\/wp-json\/wp\/v2\/media?parent=178"}],"curies":[{"name":"wp","href":"https:\/\/api.w.org\/{rel}","templated":true}]}}