{"id":174,"date":"2026-03-31T13:34:39","date_gmt":"2026-03-31T13:34:39","guid":{"rendered":"https:\/\/viptransex.net\/classificados\/?page_id=174"},"modified":"2026-03-31T13:34:39","modified_gmt":"2026-03-31T13:34:39","slug":"politica-de-cookies","status":"publish","type":"page","link":"https:\/\/viptransex.net\/classificados\/politica-de-cookies\/","title":{"rendered":"Pol\u00edtica de Cookies"},"content":{"rendered":"\n<p>Para melhorar a experi\u00eancia do utilizador deste portal web, a EVIDENTENCONTRO utiliza cookies que permitem melhorar o desempenho e a experi\u00eancia do utilizador conforme descrito abaixo. Ao navegar, est\u00e1 a aceitar a presente pol\u00edtica e a consequente utiliza\u00e7\u00e3o de cookies de acordo com as condi\u00e7\u00f5es descritas.<\/p>\n\n\n\n<h3 class=\"wp-block-heading\">SOBRE &#8220;COOKIES&#8221;<\/h3>\n\n\n\n<p>Guardam as prefer\u00eancias do utilizador relativamente \u00e0 utiliza\u00e7\u00e3o do site, de forma que n\u00e3o seja necess\u00e1rio voltar a configurar o site cada vez que o visita.<\/p>\n\n\n\n<h3 class=\"wp-block-heading\">O que s\u00e3o cookies?<\/h3>\n\n\n\n<p>Os \u201cCookies\u201d s\u00e3o pequenas etiquetas de software que s\u00e3o armazenadas em arquivo de texto no seu computador ou outro dispositivo atrav\u00e9s do navegador (browser), retendo apenas informa\u00e7\u00e3o relacionada com as suas prefer\u00eancias, n\u00e3o incluindo, como tal, os seus dados pessoais.<\/p>\n\n\n\n<h3 class=\"wp-block-heading\">Para que servem os cookies?<\/h3>\n\n\n\n<p>Os cookies servem para ajudar a determinar a utilidade, interesse e o n\u00famero de utiliza\u00e7\u00f5es dos seus websites, permitindo uma navega\u00e7\u00e3o mais r\u00e1pida e eficiente, eliminando a necessidade de introduzir repetidamente as mesmas informa\u00e7\u00f5es.<\/p>\n\n\n\n<h3 class=\"wp-block-heading\">Que tipo de cookies utilizamos?<\/h3>\n\n\n\n<p>Existem dois tipos principais de cookies: cookies os de sess\u00e3o e cookies os permanentes.<\/p>\n\n\n\n<p><strong>Cookies permanentes<\/strong>&nbsp;&#8211; s\u00e3o cookies que ficam armazenados ao n\u00edvel do browser nos seus equipamentos de acesso (pc, mobile e tablet) e que s\u00e3o utilizados sempre que o utilizador faz uma nova visita a um dos nossos websites. S\u00e3o utilizados, geralmente, para direcionar a navega\u00e7\u00e3o aos interesses do utilizador, permitindo-nos prestar um servi\u00e7o mais personalizado.<\/p>\n\n\n\n<p><strong>Cookies de sess\u00e3o<\/strong>&nbsp;&#8211; s\u00e3o cookies tempor\u00e1rios que permanecem no arquivo de cookies do browser nos seus equipamentos de acesso (pc, mobile e tablet) at\u00e9 sair do website, pelo que s\u00e3o apagados quando fecha o Browser. A informa\u00e7\u00e3o obtida por estes cookies serve para analisar padr\u00f5es de tr\u00e1fego na web, permitindo-nos identificar problemas e fornecer uma melhor experi\u00eancia de navega\u00e7\u00e3o.<\/p>\n\n\n\n<h3 class=\"wp-block-heading\">Dos cookies permanentes, utilizamos cookies para v\u00e1rias finalidades:<\/h3>\n\n\n\n<h4 class=\"wp-block-heading\">Cookies essenciais<\/h4>\n\n\n\n<p>Alguns cookies s\u00e3o essenciais para aceder a \u00e1reas espec\u00edficas do site. Permitem a navega\u00e7\u00e3o no site e a utiliza\u00e7\u00e3o das suas aplica\u00e7\u00f5es, tal como o acesso a \u00e1reas seguras do site atrav\u00e9s de login. Sem estes cookies, os servi\u00e7os que o exijam n\u00e3o podem ser prestados.<\/p>\n\n\n\n<h4 class=\"wp-block-heading\">Cookies anal\u00edticos<\/h4>\n\n\n\n<p>S\u00e3o utilizados anonimamente para efeitos de cria\u00e7\u00e3o e an\u00e1lise de estat\u00edsticas, no sentido de melhorar o funcionamento do website.<\/p>\n\n\n\n<h4 class=\"wp-block-heading\">Cookies de funcionalidade<\/h4>\n\n\n\n<p>Guardam as prefer\u00eancias do utilizador relativamente \u00e0 utiliza\u00e7\u00e3o do site, de forma que n\u00e3o seja necess\u00e1rio voltar a configurar o site cada vez que o visita.<\/p>\n\n\n\n<h4 class=\"wp-block-heading\">Cookies de terceiros<\/h4>\n\n\n\n<p>Medem o sucesso de aplica\u00e7\u00f5es e podem ser utilizados para personalizar bot\u00f5es, menus, \u00edcones e outras componentes de interface gr\u00e1fica com dados do utilizador (denominados widgets).<\/p>\n\n\n\n<h4 class=\"wp-block-heading\">Cookies de publicidade<\/h4>\n\n\n\n<p>Direcionam a publicidade em fun\u00e7\u00e3o dos interesses de cada utilizador, por forma a direcionar as campanhas publicit\u00e1rias tendo em conta os gostos dos utilizadores, sendo que, al\u00e9m disso, limitam a quantidade de vezes que v\u00ea o an\u00fancio, ajudando a medir a efic\u00e1cia da publicidade e o sucesso da organiza\u00e7\u00e3o do website.<\/p>\n\n\n\n<h3 class=\"wp-block-heading\">Como pode gerir os cookies?<\/h3>\n\n\n\n<p>Todos os browsers permitem ao utilizador aceitar, recusar ou apagar cookies em qualquer altura, configurando as defini\u00e7\u00f5es apropriadas no respetivo programa de navega\u00e7\u00e3o. Pode configurar os cookies no menu \u201cop\u00e7\u00f5es\u201d ou \u201cprefer\u00eancias\u201d do seu browser.<\/p>\n\n\n\n<p>Note-se que ao desativar cookies, perde o preenchimento autom\u00e1tico de alguns dados, como os de login. Al\u00e9m disso, pode impedir que alguns servi\u00e7os online funcionem corretamente, afetando a navega\u00e7\u00e3o no site.<\/p>\n\n\n\n<p>Para desativar os cookies no seu browser pode seguir estas instru\u00e7\u00f5es. Refira-se que, dado o elevado n\u00famero de browsers e respostas vers\u00f5es, estas instru\u00e7\u00f5es n\u00e3o s\u00e3o exaustivas. Pode consultas as p\u00e1ginas de ajuda especificas de seu browser ou uma p\u00e1gina que aborde este tema.<\/p>\n\n\n\n<p>\u2022&nbsp;<a href=\"https:\/\/support.microsoft.com\/pt-pt\/help\/17442\/windows-internet-explorer-delete-manage-cookies\" target=\"_blank\" rel=\"noreferrer noopener\">Configura\u00e7\u00f5es de cookies no Internet Explorer<\/a><br>\u2022&nbsp;<a href=\"https:\/\/www.firefox.com\/pt-BR\/privacy\/websites\/cookie-settings\/\" target=\"_blank\" rel=\"noreferrer noopener\">Configura\u00e7\u00f5es de cookies no Firefox<\/a><br>\u2022&nbsp;<a href=\"https:\/\/support.google.com\/chrome\/answer\/95647?hl=pt-pt\" target=\"_blank\" rel=\"noreferrer noopener\">Configura\u00e7\u00f5es de cookies no Chrome<\/a><br>\u2022&nbsp;<a href=\"https:\/\/support.apple.com\/pt-br\/HT201265\" target=\"_blank\" rel=\"noreferrer noopener\">Configura\u00e7\u00f5es de cookies no Safari web e iOS<\/a><\/p>\n\n\n\n<h3 class=\"wp-block-heading\">Links<\/h3>\n\n\n\n<p>Para obter mais informa\u00e7\u00f5es sobre cookies e a respetiva utiliza\u00e7\u00e3o, sugerimos que consulte os seguintes links, que apenas se encontram em vers\u00e3o inglesa:<\/p>\n\n\n\n<p>\u2022&nbsp;<a href=\"https:\/\/support.microsoft.com\/pt-pt\/windows\/gerir-cookies-no-microsoft-edge-ver-permitir-bloquear-eliminar-e-utilizar-168dab11-0753-043d-7c16-ede5947fc64d\" target=\"_blank\" rel=\"noreferrer noopener\">Microsoft Cookies guide<\/a><br>\u2022&nbsp;<a href=\"https:\/\/www.allaboutcookies.org\/\" target=\"_blank\" rel=\"noreferrer noopener\">All About Cookies<\/a><\/p>\n<div class='epvc-post-count'><span class='epvc-eye'><\/span>  <span class=\"epvc-count\"> 39<\/span><span class='epvc-label'> \ud83d\udc41 Visualiza\u00e7\u00f5es<\/span><\/div><div class=\"pld-like-dislike-wrap pld-template-2\">\r\n    <div class=\"pld-like-wrap  pld-common-wrap\">\r\n    <a href=\"javascript:void(0)\" class=\"pld-like-trigger pld-like-dislike-trigger  \" title=\"Gostei \ud83d\udc4d\" data-post-id=\"174\" data-trigger-type=\"like\" data-restriction=\"cookie\" data-already-liked=\"0\">\r\n                        <i class=\"fas fa-heart\"><\/i>\r\n                <\/a>\r\n    <span class=\"pld-like-count-wrap pld-count-wrap\">1    <\/span>\r\n<\/div><\/div>","protected":false},"excerpt":{"rendered":"<p>Para melhorar a experi\u00eancia do utilizador deste portal web, a EVIDENTENCONTRO utiliza cookies que permitem melhorar o desempenho e a experi\u00eancia do utilizador conforme descrito abaixo. Ao navegar, est\u00e1 a aceitar a presente pol\u00edtica e a consequente utiliza\u00e7\u00e3o de cookies de acordo com as condi\u00e7\u00f5es descritas. SOBRE &#8220;COOKIES&#8221; Guardam as prefer\u00eancias do utilizador relativamente \u00e0<\/p>\n","protected":false},"author":1,"featured_media":0,"parent":0,"menu_order":0,"comment_status":"closed","ping_status":"closed","template":"","meta":{"_rtcl_gb_attr":"","footnotes":""},"class_list":["post-174","page","type-page","status-publish","hentry"],"_links":{"self":[{"href":"https:\/\/viptransex.net\/classificados\/wp-json\/wp\/v2\/pages\/174","targetHints":{"allow":["GET"]}}],"collection":[{"href":"https:\/\/viptransex.net\/classificados\/wp-json\/wp\/v2\/pages"}],"about":[{"href":"https:\/\/viptransex.net\/classificados\/wp-json\/wp\/v2\/types\/page"}],"author":[{"embeddable":true,"href":"https:\/\/viptransex.net\/classificados\/wp-json\/wp\/v2\/users\/1"}],"replies":[{"embeddable":true,"href":"https:\/\/viptransex.net\/classificados\/wp-json\/wp\/v2\/comments?post=174"}],"version-history":[{"count":1,"href":"https:\/\/viptransex.net\/classificados\/wp-json\/wp\/v2\/pages\/174\/revisions"}],"predecessor-version":[{"id":175,"href":"https:\/\/viptransex.net\/classificados\/wp-json\/wp\/v2\/pages\/174\/revisions\/175"}],"wp:attachment":[{"href":"https:\/\/viptransex.net\/classificados\/wp-json\/wp\/v2\/media?parent=174"}],"curies":[{"name":"wp","href":"https:\/\/api.w.org\/{rel}","templated":true}]}}